{"id":16,"date":"2021-05-27T20:40:57","date_gmt":"2021-05-27T18:40:57","guid":{"rendered":"https:\/\/haus-morgengruss.de\/en\/?page_id=16"},"modified":"2022-08-28T21:27:22","modified_gmt":"2022-08-28T19:27:22","slug":"activities","status":"publish","type":"page","link":"https:\/\/haus-morgengruss.de\/en\/activities\/","title":{"rendered":"M\u00fcnstertal &#038; Activities"},"content":{"rendered":"\n<h2 id=\"das-munstertal\">Das M\u00fcnstertal<\/h2>\n\n\n\n<div class=\"wp-block-columns\">\n<div class=\"wp-block-column\" style=\"flex-basis:66.66%\">\n<p>Das M\u00fcnstertal liegt im s\u00fcdlichen Schwarzwald in 400 bis 1.000 Metern H\u00f6he zwischen dem Breisgau, dem sonnigen Markgr\u00e4flerland und dem Hochschwarzwald.<\/p>\n\n\n\n<p>In M\u00fcnstertal werden Sie sich garantiert wohl f\u00fchlen. Ob Wandern im Sommer oder Skifahren im Winter, unter den zahlreichen Veranstaltungen wird sicherlich das Passende f\u00fcr Sie dabei sein. Unter den Informationen im <a href=\"https:\/\/haus-morgengruss.de\/en\/information#events\">Veranstaltungskalender<\/a> gelangen Sie zu einer \u00dcbersicht aller Veranstaltungen im Raum Staufen-M\u00fcnstertal.<\/p>\n\n\n\n<p>Au\u00dferdem lohnt sich ein Besuch im Besuchsbergwerk Teufelsgrund, die imposante Klosteranlage St. Trudpert, das Schwarzwaldhaus 1902 (Kaltwasserhof) oder das Bienenkundemuseum, nur 800 Meter Fu\u00dfweg von uns entfernt.<\/p>\n\n\n\n<p>Unser Tipp: Der Belchensteig (Deutschlands sch\u00f6nster Wanderweg 2020)<\/p>\n<\/div>\n\n\n\n<div class=\"wp-block-column\" style=\"flex-basis:33.33%\">\n<p><strong>Webcam Kloster St. Trudpert:<\/strong><\/p>\n\n\n\n<figure class=\"wp-block-image size-large is-resized is-style-default\"><a href=\"https:\/\/webcams.ftp-land-in-sicht.de\/staufen\/klostersttrudpert.jpg\"><img loading=\"lazy\" src=\"https:\/\/webcams.ftp-land-in-sicht.de\/staufen\/klostersttrudpert.jpg\" alt=\"\" width=\"378\" height=\"284\"\/><\/a><\/figure>\n\n\n\n<p style=\"font-size:12px\">Webcam zur Verf\u00fcgung gestellt von&nbsp;<a rel=\"noreferrer noopener\" href=\"https:\/\/www.muenstertal-staufen.de\/\" target=\"_blank\">www.muenstertal-staufen.de<\/a><\/p>\n<\/div>\n<\/div>\n\n\n\n<hr class=\"wp-block-separator\"\/>\n\n\n\n<p><strong>Impressionen aus der N\u00e4he:<\/strong><\/p>\n\n\n\n<figure class=\"wp-block-gallery has-nested-images columns-default is-cropped\">\n<figure class=\"wp-block-image size-large\"><a href=\"https:\/\/haus-morgengruss.de\/wp-content\/uploads\/2021\/05\/IMG-20200101-WA0052.png-1024x574.jpg\"><img data-id=\"301\"  src=\"https:\/\/haus-morgengruss.de\/wp-content\/uploads\/2021\/05\/IMG-20200101-WA0052.png-1024x574.jpg\" alt=\"\" class=\"wp-image-301\"\/><\/a><figcaption>Kloster St. Trudpert<\/figcaption><\/figure>\n\n\n\n<figure class=\"wp-block-image size-large\"><a href=\"https:\/\/haus-morgengruss.de\/wp-content\/uploads\/2021\/05\/Kaltwasserhof-1024x768.jpg\"><img data-id=\"384\"  src=\"https:\/\/haus-morgengruss.de\/wp-content\/uploads\/2021\/05\/Kaltwasserhof-1024x768.jpg\" alt=\"\" class=\"wp-image-384\"\/><\/a><figcaption>Kaltwasserhof<\/figcaption><\/figure>\n\n\n\n<figure class=\"wp-block-image size-large\"><a href=\"https:\/\/haus-morgengruss.de\/wp-content\/uploads\/2021\/05\/DJI_0024-1024x576.jpg\"><img data-id=\"300\"  src=\"https:\/\/haus-morgengruss.de\/wp-content\/uploads\/2021\/05\/DJI_0024-1024x576.jpg\" alt=\"\" class=\"wp-image-300\"\/><\/a><figcaption>Unterm\u00fcnstertal<\/figcaption><\/figure>\n\n\n\n<figure class=\"wp-block-image size-large\"><a href=\"https:\/\/haus-morgengruss.de\/wp-content\/uploads\/2021\/05\/Untermuenstertal1_31122017-1024x575.png\"><img data-id=\"304\"  src=\"https:\/\/haus-morgengruss.de\/wp-content\/uploads\/2021\/05\/Untermuenstertal1_31122017-1024x575.png\" alt=\"\" class=\"wp-image-304\"\/><\/a><figcaption>Unterm\u00fcnstertal, Blick Richtung Oberm\u00fcnstertal<\/figcaption><\/figure>\n\n\n\n<figure class=\"wp-block-image size-large\"><a href=\"https:\/\/haus-morgengruss.de\/wp-content\/uploads\/2021\/05\/Rotenbuck_31122017-1024x575.png\"><img data-id=\"302\"  src=\"https:\/\/haus-morgengruss.de\/wp-content\/uploads\/2021\/05\/Rotenbuck_31122017-1024x575.png\" alt=\"\" class=\"wp-image-302\"\/><\/a><figcaption>Rotenbuck (Unterm\u00fcnstertal)<\/figcaption><\/figure>\n\n\n\n<figure class=\"wp-block-image size-large\"><a href=\"https:\/\/haus-morgengruss.de\/wp-content\/uploads\/2021\/05\/Hof_31122017-1024x575.png\"><img data-id=\"385\"  src=\"https:\/\/haus-morgengruss.de\/wp-content\/uploads\/2021\/05\/Hof_31122017-1024x575.png\" alt=\"\" class=\"wp-image-385\"\/><\/a><figcaption>Unterm\u00fcnstertal, Blick Richtung Staufen<\/figcaption><\/figure>\n\n\n\n<figure class=\"wp-block-image size-large\"><a href=\"https:\/\/haus-morgengruss.de\/wp-content\/uploads\/2021\/05\/Spielweg250118-1024x575.jpg\"><img data-id=\"303\"  src=\"https:\/\/haus-morgengruss.de\/wp-content\/uploads\/2021\/05\/Spielweg250118-1024x575.jpg\" alt=\"\" class=\"wp-image-303\"\/><\/a><figcaption>Spielweg (Oberm\u00fcnstertal)<\/figcaption><\/figure>\n\n\n\n<figure class=\"wp-block-image size-large\"><a href=\"https:\/\/haus-morgengruss.de\/wp-content\/uploads\/2021\/05\/heidstein-1024x576.jpg\"><img data-id=\"386\"  src=\"https:\/\/haus-morgengruss.de\/wp-content\/uploads\/2021\/05\/heidstein-1024x576.jpg\" alt=\"\" class=\"wp-image-386\"\/><\/a><figcaption>Blick vom Heidstein &#8211; Winter<\/figcaption><\/figure>\n\n\n\n<figure class=\"wp-block-image size-large\"><a href=\"https:\/\/haus-morgengruss.de\/wp-content\/uploads\/2021\/05\/wiedener_ech-1024x576.jpg\"><img data-id=\"387\"  src=\"https:\/\/haus-morgengruss.de\/wp-content\/uploads\/2021\/05\/wiedener_ech-1024x576.jpg\" alt=\"\" class=\"wp-image-387\"\/><\/a><figcaption>Blick vom Wiedener Eck &#8211; Winter<\/figcaption><\/figure>\n<\/figure>\n\n\n\n<hr class=\"wp-block-separator\"\/>\n\n\n\n<h2 id=\"in-der-umgebung\">In der Umgebung<\/h2>\n\n\n\n<div class=\"wp-block-columns\">\n<div class=\"wp-block-column\" style=\"flex-basis:100%\">\n<p>Unsere Umgebung hat noch einiges mehr zu bieten. Besuchen Sie unsere Nachbarn, die Fauststadt Staufen oder machen Sie einen Ausflug zu Museen und Sehensw\u00fcrdigkeiten im Dreil\u00e4ndereck zwischen Basel, Freiburg und Stra\u00dfburg. Das Kunstmuseum in Basel, die Foundation Beyerle in Riehen, das Mus\u00e9e d \u0301Art Moderne in Stra\u00dfburg oder das Mus\u00e9e Unterlinden in Colmar hat seine T\u00fcren f\u00fcr Sie ge\u00f6ffnet.<\/p>\n\n\n\n<p>Aber auch die Aktion Suchenden sind nicht schlecht bedient. So lohnt sich ein Trip in den Europa-Park Rust, in das neue Erlebnisbad Rulantica oder ins Badeparadies Schwarzwald.<\/p>\n\n\n\n<p>Erholung bietet die Vita Classica Therme in Bad Krozingen oder die Cassiopeia Therme&nbsp;Badenweiler.<\/p>\n<\/div>\n<\/div>\n\n\n\n<hr class=\"wp-block-separator\"\/>\n\n\n\n<p><strong>Impressionen aus der Umgebung<\/strong>:<\/p>\n\n\n\n<figure class=\"wp-block-gallery has-nested-images columns-default is-cropped\">\n<figure class=\"wp-block-image size-large\"><img data-id=\"531\"  src=\"https:\/\/haus-morgengruss.de\/wp-content\/uploads\/2021\/05\/Vita-Classica-Thermalbad.jpg\" alt=\"\" class=\"wp-image-531\"\/><figcaption>Vita Classica Therme, Bad Krozingen<\/figcaption><\/figure>\n\n\n\n<figure class=\"wp-block-image size-large\"><img data-id=\"530\"  src=\"https:\/\/haus-morgengruss.de\/wp-content\/uploads\/2021\/05\/Haupteingang_Europa-Park_Rust.jpg\" alt=\"\" class=\"wp-image-530\"\/><figcaption>Europa-Park, Rust<\/figcaption><\/figure>\n\n\n\n<figure class=\"wp-block-image size-large\"><img data-id=\"533\"  src=\"https:\/\/haus-morgengruss.de\/wp-content\/uploads\/2021\/05\/800px-Basel_Kunstmuseum_0211-ab.jpg\" alt=\"\" class=\"wp-image-533\"\/><figcaption>Foundation Beyerle in Riehen, Basel<\/figcaption><\/figure>\n\n\n\n<figure class=\"wp-block-image size-large\"><img data-id=\"529\"  src=\"https:\/\/haus-morgengruss.de\/wp-content\/uploads\/2021\/05\/Galaxy_Schwarzwald_Badeparadies_Schwarzwald_in_Titisee_-_panoramio-1024x631.jpg\" alt=\"\" class=\"wp-image-529\"\/><figcaption>Badeparadies Schwarzwald, Titisee-Neustadt<\/figcaption><\/figure>\n\n\n\n<figure class=\"wp-block-image size-large\"><img data-id=\"532\"  src=\"https:\/\/haus-morgengruss.de\/wp-content\/uploads\/2021\/05\/Steinwasen-Park_-_panoramio-1024x768.jpg\" alt=\"\" class=\"wp-image-532\"\/><figcaption>Steinwasenpark, Oberried<\/figcaption><\/figure>\n<\/figure>\n\n\n\n<p style=\"font-size:14px\">Noch nicht genug? Weitere Empfehlungen erhalten Sie auf der Webseite der Ferienregion&nbsp;<a rel=\"noreferrer noopener\" href=\"https:\/\/www.muenstertal-staufen.de\/Magische-Landschaft\" target=\"_blank\">www.muenstertal-staufen.de\/Magische-Landschaft<\/a><\/p>\n","protected":false},"excerpt":{"rendered":"<p>Das M\u00fcnstertal Das M\u00fcnstertal liegt im s\u00fcdlichen Schwarzwald in 400 bis 1.000 Metern H\u00f6he zwischen dem Breisgau, dem sonnigen Markgr\u00e4flerland und dem Hochschwarzwald. In M\u00fcnstertal werden Sie sich garantiert wohl f\u00fchlen. Ob Wandern im Sommer oder Skifahren im Winter, unter den zahlreichen Veranstaltungen wird sicherlich das Passende f\u00fcr Sie dabei sein. Unter den Informationen im &hellip; <\/p>\n<p class=\"link-more\"><a href=\"https:\/\/haus-morgengruss.de\/en\/activities\/\" class=\"more-link\">Mehr <span class=\"screen-reader-text\">\u00fcber &#8222;M\u00fcnstertal &#038; Activities&#8220; <\/span>Lesen<\/a><\/p>\n","protected":false},"author":1,"featured_media":0,"parent":0,"menu_order":0,"comment_status":"closed","ping_status":"closed","template":"","meta":[],"_links":{"self":[{"href":"https:\/\/haus-morgengruss.de\/en\/wp-json\/wp\/v2\/pages\/16"}],"collection":[{"href":"https:\/\/haus-morgengruss.de\/en\/wp-json\/wp\/v2\/pages"}],"about":[{"href":"https:\/\/haus-morgengruss.de\/en\/wp-json\/wp\/v2\/types\/page"}],"author":[{"embeddable":true,"href":"https:\/\/haus-morgengruss.de\/en\/wp-json\/wp\/v2\/users\/1"}],"replies":[{"embeddable":true,"href":"https:\/\/haus-morgengruss.de\/en\/wp-json\/wp\/v2\/comments?post=16"}],"version-history":[{"count":4,"href":"https:\/\/haus-morgengruss.de\/en\/wp-json\/wp\/v2\/pages\/16\/revisions"}],"predecessor-version":[{"id":160,"href":"https:\/\/haus-morgengruss.de\/en\/wp-json\/wp\/v2\/pages\/16\/revisions\/160"}],"wp:attachment":[{"href":"https:\/\/haus-morgengruss.de\/en\/wp-json\/wp\/v2\/media?parent=16"}],"curies":[{"name":"wp","href":"https:\/\/api.w.org\/{rel}","templated":true}]}}