{"id":10,"date":"2021-05-27T20:39:29","date_gmt":"2021-05-27T18:39:29","guid":{"rendered":"https:\/\/haus-morgengruss.de\/en\/?page_id=10"},"modified":"2022-02-06T15:04:47","modified_gmt":"2022-02-06T14:04:47","slug":"imprint","status":"publish","type":"page","link":"https:\/\/haus-morgengruss.de\/en\/imprint\/","title":{"rendered":"Imprint"},"content":{"rendered":"\n<p>According to \u00a7 5 TMG:<\/p>\n\n\n\n<p class=\"has-text-align-center\"><strong>Haus&nbsp;Morgengru\u00df<\/strong><br>Gutmann family<br>Untere Gasse 24<br>79244 M\u00fcnstertal<br>Germany<\/p>\n\n\n\n<hr class=\"wp-block-separator\"\/>\n\n\n\n<p><strong>Telefon: +49 7636 \/ 1351<\/strong><br><strong>Telefax: +49 7636 \/ 7883432<br>E-Mail:&nbsp;info@haus-morgengruss.de<\/strong><\/p>\n\n\n\n<p><strong>Responsible for the content according to \u00a7 55 Abs. 2 RStV:<\/strong><\/p>\n\n\n\n<p><strong>Yannick Gutmann<\/strong><br>Untere Gasse 24<br>79244 M\u00fcnstertal<br>Germany<br>Telefon: +49 7636 \/ 7883433<br>E-Mail: webmaster@haus-morgengruss.de<\/p>\n\n\n\n<p><strong>Rechtliche Hinweise<\/strong><\/p>\n\n\n\n<p>Das Layout der Homepage, die verwendeten Grafiken sowie Beitr\u00e4ge und Bilder sind urheberrechtlich gesch\u00fctzt. Die Seiten d\u00fcrfen ausschlie\u00dflich zum privaten Gebrauch ohne jegliche \u00c4nderung vervielf\u00e4ltigt werden. Eine Verbreitung von Kopien oder Ausz\u00fcgen ist nur mit schriftlicher Genehmigung zul\u00e4ssig.<\/p>\n\n\n\n<p><strong>Haftungsausschluss<\/strong><\/p>\n\n\n\n<p>Die Informationen, die Sie auf diesem Internetauftritt vorfinden, wurden nach bestem Wissen und Gewissen sorgf\u00e4ltig zusammengestellt und gepr\u00fcft. Es wird jedoch keine Gew\u00e4hr &#8211; weder ausdr\u00fccklich noch stillschweigend &#8211; f\u00fcr die Vollst\u00e4ndigkeit, Richtigkeit, Aktualit\u00e4t oder Qualit\u00e4t und jederzeitige Verf\u00fcgbarkeit der bereit gestellten Informationen \u00fcbernommen. In keinem Fall wird f\u00fcr Sch\u00e4den, die sich aus der Verwendung der abgerufenen Informationen ergeben, eine Haftung \u00fcbernommen.<\/p>\n\n\n\n<p><strong>Internetseiten dritter Anbieter \/ Links<\/strong><\/p>\n\n\n\n<p>Diese Internetseite enth\u00e4lt auch Links oder Verweise auf Internetauftritte Dritter. Diese Links zu den Internetauftritten Dritter stellen keine Zustimmung zu deren Inhalten durch den Herausgeber dar. Es wird keine Verantwortung f\u00fcr die Verf\u00fcgbarkeit oder den Inhalt solcher Internetauftritte \u00fcbernommen und keine Haftung f\u00fcr Sch\u00e4den oder Verletzungen, die aus der Nutzung &#8211; gleich welcher Art &#8211; solcher Inhalte entstehen. Mit den Links zu anderen Internetauftritten wird den Nutzern lediglich der Zugang zur Nutzung der Inhalte vermittelt. F\u00fcr illegale, fehlerhafte oder unvollst\u00e4ndige Inhalte und f\u00fcr Sch\u00e4den, die aus der Nutzung entstehen, haftet allein der Anbieter der Seite, auf welche verwiesen wurde.<\/p>\n\n\n\n<p><strong>Quellenangaben<\/strong><\/p>\n\n\n\n<p>Alle Bilder und Werke anderer Personen wurden mit bestem Wissen und Gewissen markiert:<\/p>\n\n\n\n<p>Galaxy Schwarzwald (Badeparadies Schwarzwald in Titisee): https:\/\/commons.wikimedia.org\/wiki\/File:Galaxy_Schwarzwald_(Badeparadies_Schwarzwald_in_Titisee)_-_panoramio.jpg<br>Kunstmuseum Basel: https:\/\/commons.wikimedia.org\/wiki\/File:Basel_Kunstmuseum_0211-ab.jpg<br>Haupteingang des Europa-Park Rust: https:\/\/commons.wikimedia.org\/wiki\/File:Haupteingang_Europa-Park_Rust.jpg<br>Das Thermalbad&nbsp;<em>Vita Classica<\/em>&nbsp;in Bad Krozingen: https:\/\/commons.wikimedia.org\/wiki\/File:Das_Thermalbad_Vita_Classica_in_Bad_Krozingen_2.jpg<br>Steinwasen-Park: https:\/\/commons.wikimedia.org\/wiki\/File:Steinwasen-Park_-_panoramio.jpg<\/p>\n","protected":false},"excerpt":{"rendered":"<p>According to \u00a7 5 TMG: Haus&nbsp;Morgengru\u00dfGutmann familyUntere Gasse 2479244 M\u00fcnstertalGermany Telefon: +49 7636 \/ 1351Telefax: +49 7636 \/ 7883432E-Mail:&nbsp;info@haus-morgengruss.de Responsible for the content according to \u00a7 55 Abs. 2 RStV: Yannick GutmannUntere Gasse 2479244 M\u00fcnstertalGermanyTelefon: +49 7636 \/ 7883433E-Mail: webmaster@haus-morgengruss.de Rechtliche Hinweise Das Layout der Homepage, die verwendeten Grafiken sowie Beitr\u00e4ge und Bilder sind urheberrechtlich &hellip; <\/p>\n<p class=\"link-more\"><a href=\"https:\/\/haus-morgengruss.de\/en\/imprint\/\" class=\"more-link\">Mehr <span class=\"screen-reader-text\">\u00fcber &#8222;Imprint&#8220; <\/span>Lesen<\/a><\/p>\n","protected":false},"author":1,"featured_media":0,"parent":0,"menu_order":0,"comment_status":"closed","ping_status":"closed","template":"","meta":[],"_links":{"self":[{"href":"https:\/\/haus-morgengruss.de\/en\/wp-json\/wp\/v2\/pages\/10"}],"collection":[{"href":"https:\/\/haus-morgengruss.de\/en\/wp-json\/wp\/v2\/pages"}],"about":[{"href":"https:\/\/haus-morgengruss.de\/en\/wp-json\/wp\/v2\/types\/page"}],"author":[{"embeddable":true,"href":"https:\/\/haus-morgengruss.de\/en\/wp-json\/wp\/v2\/users\/1"}],"replies":[{"embeddable":true,"href":"https:\/\/haus-morgengruss.de\/en\/wp-json\/wp\/v2\/comments?post=10"}],"version-history":[{"count":8,"href":"https:\/\/haus-morgengruss.de\/en\/wp-json\/wp\/v2\/pages\/10\/revisions"}],"predecessor-version":[{"id":136,"href":"https:\/\/haus-morgengruss.de\/en\/wp-json\/wp\/v2\/pages\/10\/revisions\/136"}],"wp:attachment":[{"href":"https:\/\/haus-morgengruss.de\/en\/wp-json\/wp\/v2\/media?parent=10"}],"curies":[{"name":"wp","href":"https:\/\/api.w.org\/{rel}","templated":true}]}}